{"id":12380,"date":"2023-04-12T08:59:09","date_gmt":"2023-04-12T05:59:09","guid":{"rendered":"https:\/\/www.winperax.com\/contact\/"},"modified":"2025-04-30T00:24:13","modified_gmt":"2025-04-29T21:24:13","slug":"contact","status":"publish","type":"page","link":"https:\/\/www.winperax.com\/en\/contact\/","title":{"rendered":"Contact"},"content":{"rendered":"\t\t<div data-elementor-type=\"wp-page\" data-elementor-id=\"12380\" class=\"elementor elementor-12380 elementor-512\">\n\t\t\t\t        <section class=\"elementor-section elementor-top-section elementor-element elementor-element-e5d5d77 elementor-section-full_width pxl-section-has-bg f2-pri elementor-section-height-default elementor-section-height-default pxl-section-offset-none pxl-row-scroll-none pxl-show-grid-none pxl-section-bg-none pxl-section-grid-bg-false\" data-id=\"e5d5d77\" data-element_type=\"section\" id=\"pxl-getcolor-header\">\n\n                \n                <div class=\"elementor-container elementor-column-gap-default \">\n                <div class=\"elementor-column elementor-col-100 elementor-top-column elementor-element elementor-element-9516fc3 pxl-column-none\" data-id=\"9516fc3\" data-element_type=\"column\">\n        <div class=\"elementor-widget-wrap elementor-element-populated\">\n                     \n        \t\t<div class=\"elementor-element elementor-element-e238cc0 elementor-widget elementor-widget-html\" data-id=\"e238cc0\" data-element_type=\"widget\" data-widget_type=\"html.default\">\n\t\t\t\t<div class=\"elementor-widget-container\">\n\t\t\t\t\t<iframe src=\"https:\/\/www.google.com\/maps\/embed?pb=!1m18!1m12!1m3!1d3916.662633818082!2d30.624604199999997!3d37.07974670000001!2m3!1f0!2f0!3f0!3m2!1i1024!2i768!4f13.1!3m3!1m2!1s0x14c389f418cd9f03%3A0x1a4496a87ff3d28c!2sWinperax!5e1!3m2!1str!2str!4v1745357386206!5m2!1str!2str\" width=\"600\" height=\"450\" style=\"border:0;\" allowfullscreen=\"\" loading=\"lazy\" referrerpolicy=\"no-referrer-when-downgrade\"><\/iframe>\t\t\t\t<\/div>\n\t\t\t\t<\/div>\n\t\t            <\/div>\n        <\/div>\n        \t\t\t<\/div>\n\t\t<\/section>\n\t\t        <section class=\"elementor-section elementor-top-section elementor-element elementor-element-7bbd1df pxl-bg-fou-six elementor-section-boxed elementor-section-height-default elementor-section-height-default pxl-row-scroll-none pxl-show-grid-none pxl-section-bg-none pxl-section-grid-bg-false\" data-id=\"7bbd1df\" data-element_type=\"section\">\n\n                \n                <div class=\"elementor-container elementor-column-gap-default \">\n                <div class=\"elementor-column elementor-col-50 elementor-top-column elementor-element elementor-element-adce161 pxl-column-none\" data-id=\"adce161\" data-element_type=\"column\">\n        <div class=\"elementor-widget-wrap elementor-element-populated\">\n                     \n        \t\t<div class=\"elementor-element elementor-element-592c7a6 elementor-widget elementor-widget-pxl_heading\" data-id=\"592c7a6\" data-element_type=\"widget\" data-widget_type=\"pxl_heading.default\">\n\t\t\t\t<div class=\"elementor-widget-container\">\n\t\t\t\t\t<div class=\"pxl-heading  \">\n\t<div class=\"pxl-heading--inner \">\n\t\t\t\t<h2 class=\"pxl-item--title style1 divider-none pxl-split-text split-in-left  \" data-wow-delay=\"ms\" data-wow-duration=\"1.2s\">\n\t\t\tSTAY IN TOUCH WITH US\t\t\t\t\t<\/h2>\n\t<\/div>\n<\/div>\n\t\t\t\t<\/div>\n\t\t\t\t<\/div>\n\t\t\t\t<div class=\"elementor-element elementor-element-8503a78 elementor-widget elementor-widget-pxl_text_editor\" data-id=\"8503a78\" data-element_type=\"widget\" data-widget_type=\"pxl_text_editor.default\">\n\t\t\t\t<div class=\"elementor-widget-container\">\n\t\t\t\t\t<div class=\"pxl-text-editor \" data-wow-delay=\"ms\" data-wow-duration=\"1.2s\">\n\t<div class=\"pxl-item--inner    \">\n\t\t<p>Do you have questions? Do you want to share your ideas or bring your projects to life? As the Winperax team, we are always with you. Contact us, let&#8217;s produce the best solutions together!<\/p>\t<\/div>\n<\/div>\n\t\t\t\t<\/div>\n\t\t\t\t<\/div>\n\t\t\t\t<div class=\"elementor-element elementor-element-24a988a elementor-widget elementor-widget-pxl_contact_info\" data-id=\"24a988a\" data-element_type=\"widget\" data-widget_type=\"pxl_contact_info.default\">\n\t\t\t\t<div class=\"elementor-widget-container\">\n\t\t\t\t\t<div class=\"pxl-contact-info pxl-contact-info1 wow skewInUp\" data-wow-delay=\"200ms\" data-wow-duration=\"1.2s\">\n    <div class=\"pxl-item--inner\">\n                                    <div class=\"pxl-item--description\">\n                 <a href=\"tel:4448760\">                     444 87 60                 <\/a>             <\/div>\n            <\/div>\n<\/div>\t\t\t\t<\/div>\n\t\t\t\t<\/div>\n\t\t\t\t<div class=\"elementor-element elementor-element-1927c07 elementor-widget elementor-widget-pxl_contact_info\" data-id=\"1927c07\" data-element_type=\"widget\" data-widget_type=\"pxl_contact_info.default\">\n\t\t\t\t<div class=\"elementor-widget-container\">\n\t\t\t\t\t<div class=\"pxl-contact-info pxl-contact-info1 wow skewInUp\" data-wow-delay=\"200ms\" data-wow-duration=\"1.2s\">\n    <div class=\"pxl-item--inner\">\n                                    <div class=\"pxl-item--description\">\n                 <a href=\"mailto:info@winperax.com.tr\">                     info@winperax.com.tr                 <\/a>             <\/div>\n            <\/div>\n<\/div>\t\t\t\t<\/div>\n\t\t\t\t<\/div>\n\t\t\t\t<div class=\"elementor-element elementor-element-de85893 elementor-widget elementor-widget-pxl_contact_info\" data-id=\"de85893\" data-element_type=\"widget\" data-widget_type=\"pxl_contact_info.default\">\n\t\t\t\t<div class=\"elementor-widget-container\">\n\t\t\t\t\t<div class=\"pxl-contact-info pxl-contact-info1 wow skewInUp\" data-wow-delay=\"200ms\" data-wow-duration=\"1.2s\">\n    <div class=\"pxl-item--inner\">\n                                    <div class=\"pxl-item--description\">\n                                    Organize sanayi b\u00f6lgesi 2.k\u0131s\u0131m<br>\n22. Cadde no:16 07190<br>\nD\u00f6\u015femealt\u0131 Antalya                            <\/div>\n            <\/div>\n<\/div>\t\t\t\t<\/div>\n\t\t\t\t<\/div>\n\t\t            <\/div>\n        <\/div>\n                <div class=\"elementor-column elementor-col-50 elementor-top-column elementor-element elementor-element-1c2fee4 pxl-column-none\" data-id=\"1c2fee4\" data-element_type=\"column\">\n        <div class=\"elementor-widget-wrap elementor-element-populated\">\n                     \n        \t\t<div class=\"elementor-element elementor-element-581f2c5 elementor-widget elementor-widget-pxl_contact_form\" data-id=\"581f2c5\" data-element_type=\"widget\" data-widget_type=\"pxl_contact_form.default\">\n\t\t\t\t<div class=\"elementor-widget-container\">\n\t\t\t\t\t    <div class=\"pxl-contact-form pxl-contact-form1 style2 \" data-wow-delay=\"ms\" data-wow-duration=\"1.2s\">\n        \n<div class=\"wpcf7 no-js\" id=\"wpcf7-f12455-o1\" lang=\"en-US\" dir=\"ltr\" data-wpcf7-id=\"12455\">\n<div class=\"screen-reader-response\"><p role=\"status\" aria-live=\"polite\" aria-atomic=\"true\"><\/p> <ul><\/ul><\/div>\n<form action=\"\/en\/wp-json\/wp\/v2\/pages\/12380#wpcf7-f12455-o1\" method=\"post\" class=\"wpcf7-form init\" aria-label=\"Contact form\" novalidate=\"novalidate\" data-status=\"init\">\n<div style=\"display: none;\">\n<input type=\"hidden\" name=\"_wpcf7\" value=\"12455\" \/>\n<input type=\"hidden\" name=\"_wpcf7_version\" value=\"6.0.6\" \/>\n<input type=\"hidden\" name=\"_wpcf7_locale\" value=\"en_US\" \/>\n<input type=\"hidden\" name=\"_wpcf7_unit_tag\" value=\"wpcf7-f12455-o1\" \/>\n<input type=\"hidden\" name=\"_wpcf7_container_post\" value=\"0\" \/>\n<input type=\"hidden\" name=\"_wpcf7_posted_data_hash\" value=\"\" \/>\n<\/div>\n<div class=\"wp-row-ctf7 contact-form-custom1\">\n\t<div class=\"row input-contact\">\n\t\t<div class=\"col-12\">\n\t\t\t<div class=\"input-filled\">\n\t\t\t\t<p><span class=\"wpcf7-form-control-wrap\" data-name=\"your-name\"><input size=\"40\" maxlength=\"400\" class=\"wpcf7-form-control wpcf7-text wpcf7-validates-as-required\" id=\"namefield\" aria-required=\"true\" aria-invalid=\"false\" placeholder=\"Your Name Your Last Name\" value=\"\" type=\"text\" name=\"your-name\" \/><\/span>\n\t\t\t\t<\/p>\n\t\t\t<\/div>\n\t\t<\/div>\n\t\t<div class=\"col-12\">\n\t\t\t<div class=\"input-filled\">\n\t\t\t\t<p><span class=\"wpcf7-form-control-wrap\" data-name=\"your-phone\"><input class=\"wpcf7-form-control wpcf7-number wpcf7-validates-as-required wpcf7-validates-as-number\" id=\"phonefield\" aria-required=\"true\" aria-invalid=\"false\" placeholder=\"Phone\" value=\"\" type=\"number\" name=\"your-phone\" \/><\/span>\n\t\t\t\t<\/p>\n\t\t\t<\/div>\n\t\t<\/div>\n\t\t<div class=\"col-12\">\n\t\t\t<div class=\"input-filled\">\n\t\t\t\t<p><span class=\"wpcf7-form-control-wrap\" data-name=\"your-email\"><input size=\"40\" maxlength=\"400\" class=\"wpcf7-form-control wpcf7-email wpcf7-validates-as-required wpcf7-text wpcf7-validates-as-email\" id=\"mailfield\" aria-required=\"true\" aria-invalid=\"false\" placeholder=\"Your E-mail Address\" value=\"\" type=\"email\" name=\"your-email\" \/><\/span>\n\t\t\t\t<\/p>\n\t\t\t<\/div>\n\t\t<\/div>\n\t<\/div>\n\t<div class=\"row input-contact large\">\n\t\t<div class=\"col-12\">\n\t\t\t<div class=\"input-filled\">\n\t\t\t\t<p><span class=\"wpcf7-form-control-wrap\" data-name=\"your-message\"><textarea cols=\"40\" rows=\"10\" maxlength=\"2000\" class=\"wpcf7-form-control wpcf7-textarea wpcf7-validates-as-required\" id=\"messagefield\" aria-required=\"true\" aria-invalid=\"false\" placeholder=\"Your Message...\" name=\"your-message\"><\/textarea><\/span>\n\t\t\t\t<\/p>\n\t\t\t<\/div>\n\t\t<\/div>\n\t<\/div>\n\t<div class=\"row button-contact\">\n\t\t<div class=\"col-12\">\n\t\t\t<div class=\"btn-form\">\n\t\t\t\t<p><button type=\"submit\" class=\"wpcf7-submit btn btn-default\"><br \/>\n<span class=\"pxl-wobble\" data-animation=\"pxl-xspin\">Send My Message<\/span><br \/>\n<\/button>\n\t\t\t\t<\/p>\n\t\t\t<\/div>\n\t\t<\/div>\n\t<\/div>\n<\/div><div class=\"wpcf7-response-output\" aria-hidden=\"true\"><\/div>\n<\/form>\n<\/div>\n    <\/div>\n\t\t\t\t<\/div>\n\t\t\t\t<\/div>\n\t\t            <\/div>\n        <\/div>\n        \t\t\t<\/div>\n\t\t<\/section>\n\t\t\t\t<\/div>\n\t\t","protected":false},"excerpt":{"rendered":"<p>STAY IN TOUCH WITH US Do you have questions? Do you want to share your ideas or bring your projects to life? As the Winperax team, we are always with you. Contact us, let\u2019s produce the best solutions together! 444 87 60 info@winperax.com.tr Organize sanayi b\u00f6lgesi 2.k\u0131s\u0131m 22. Cadde no:16 07190 D\u00f6\u015femealt\u0131 Antalya Mesaj\u0131m\u0131 G\u00f6nder<\/p>\n","protected":false},"author":1,"featured_media":0,"parent":0,"menu_order":0,"comment_status":"closed","ping_status":"closed","template":"","meta":{"_joinchat":[],"footnotes":""},"class_list":["post-12380","page","type-page","status-publish","hentry"],"jetpack_sharing_enabled":true,"_links":{"self":[{"href":"https:\/\/www.winperax.com\/en\/wp-json\/wp\/v2\/pages\/12380","targetHints":{"allow":["GET"]}}],"collection":[{"href":"https:\/\/www.winperax.com\/en\/wp-json\/wp\/v2\/pages"}],"about":[{"href":"https:\/\/www.winperax.com\/en\/wp-json\/wp\/v2\/types\/page"}],"author":[{"embeddable":true,"href":"https:\/\/www.winperax.com\/en\/wp-json\/wp\/v2\/users\/1"}],"replies":[{"embeddable":true,"href":"https:\/\/www.winperax.com\/en\/wp-json\/wp\/v2\/comments?post=12380"}],"version-history":[{"count":5,"href":"https:\/\/www.winperax.com\/en\/wp-json\/wp\/v2\/pages\/12380\/revisions"}],"predecessor-version":[{"id":13468,"href":"https:\/\/www.winperax.com\/en\/wp-json\/wp\/v2\/pages\/12380\/revisions\/13468"}],"wp:attachment":[{"href":"https:\/\/www.winperax.com\/en\/wp-json\/wp\/v2\/media?parent=12380"}],"curies":[{"name":"wp","href":"https:\/\/api.w.org\/{rel}","templated":true}]}}