{"id":12395,"date":"2023-04-12T08:54:01","date_gmt":"2023-04-12T05:54:01","guid":{"rendered":"https:\/\/www.winperax.com\/our-products\/"},"modified":"2025-04-30T00:28:32","modified_gmt":"2025-04-29T21:28:32","slug":"our-products","status":"publish","type":"page","link":"https:\/\/www.winperax.com\/en\/our-products\/","title":{"rendered":"Our Products"},"content":{"rendered":"\t\t<div data-elementor-type=\"wp-page\" data-elementor-id=\"12395\" class=\"elementor elementor-12395 elementor-504\">\n\t\t\t\t        <section class=\"elementor-section elementor-top-section elementor-element elementor-element-0de909f elementor-reverse-mobile_extra elementor-reverse-mobile elementor-section-boxed elementor-section-height-default elementor-section-height-default pxl-row-scroll-none pxl-show-grid-none pxl-section-bg-none pxl-section-grid-bg-false\" data-id=\"0de909f\" data-element_type=\"section\">\n\n                \n                <div class=\"elementor-container elementor-column-gap-default \">\n                <div class=\"elementor-column elementor-col-50 elementor-top-column elementor-element elementor-element-89d6277 pxl-column-none\" data-id=\"89d6277\" data-element_type=\"column\" data-settings=\"{&quot;background_background&quot;:&quot;classic&quot;}\">\n        <div class=\"elementor-widget-wrap elementor-element-populated\">\n                     \n        \t\t<div class=\"elementor-element elementor-element-d9edc0b nav-menu-effect menu-fade elementor-widget elementor-widget-pxl_menu\" data-id=\"d9edc0b\" data-element_type=\"widget\" data-widget_type=\"pxl_menu.default\">\n\t\t\t\t<div class=\"elementor-widget-container\">\n\t\t\t\t\t    <div class=\"pxl-nav-menu pxl-nav-menu1 \">\n        <div class=\"menu-menu-services-ingilizce-container\"><ul id=\"menu-menu-services-ingilizce\" class=\"pxl-menu-primary clearfix menu-vertical\"><li id=\"menu-item-13307\" class=\"menu-item menu-item-type-post_type menu-item-object-service menu-item-13307\"><a href=\"https:\/\/www.winperax.com\/en\/product\/bioclimatic\/\"><span>Bioclimatic<\/span><i class=\"bi-chevron-down pxl-nav-icon pxl-hide\"><\/i><\/a><\/li>\n<li id=\"menu-item-13305\" class=\"menu-item menu-item-type-post_type menu-item-object-service menu-item-13305\"><a href=\"https:\/\/www.winperax.com\/en\/product\/aspendos-plus\/\"><span>Aspendos Plus<\/span><i class=\"bi-chevron-down pxl-nav-icon pxl-hide\"><\/i><\/a><\/li>\n<li id=\"menu-item-13304\" class=\"menu-item menu-item-type-post_type menu-item-object-service menu-item-13304\"><a href=\"https:\/\/www.winperax.com\/en\/product\/aspendos-glass\/\"><span>Aspendos Glass<\/span><i class=\"bi-chevron-down pxl-nav-icon pxl-hide\"><\/i><\/a><\/li>\n<li id=\"menu-item-14654\" class=\"menu-item menu-item-type-post_type menu-item-object-service menu-item-14654\"><a href=\"https:\/\/www.winperax.com\/en\/product\/skyline-axial-bioclimatic\/\"><span>Skyline Axial Bioclimatic<\/span><i class=\"bi-chevron-down pxl-nav-icon pxl-hide\"><\/i><\/a><\/li>\n<li id=\"menu-item-13306\" class=\"menu-item menu-item-type-post_type menu-item-object-service menu-item-13306\"><a href=\"https:\/\/www.winperax.com\/en\/product\/sky-phaselis-series-automatic-glass-and-ceiling-systems\/\"><span>Sky Phaselis Series Automatic Glass and Ceiling Systems<\/span><i class=\"bi-chevron-down pxl-nav-icon pxl-hide\"><\/i><\/a><\/li>\n<li id=\"menu-item-13316\" class=\"menu-item menu-item-type-post_type menu-item-object-service menu-item-13316\"><a href=\"https:\/\/www.winperax.com\/en\/product\/lycia-series-fixed-glass-roof-system\/\"><span>Lycia Series Fixed Glass Roof System<\/span><i class=\"bi-chevron-down pxl-nav-icon pxl-hide\"><\/i><\/a><\/li>\n<li id=\"menu-item-13318\" class=\"menu-item menu-item-type-post_type menu-item-object-service menu-item-13318\"><a href=\"https:\/\/www.winperax.com\/en\/product\/pergola-systems\/\"><span>Pergola Systems<\/span><i class=\"bi-chevron-down pxl-nav-icon pxl-hide\"><\/i><\/a><\/li>\n<li id=\"menu-item-13317\" class=\"menu-item menu-item-type-post_type menu-item-object-service menu-item-13317\"><a href=\"https:\/\/www.winperax.com\/en\/product\/olympos-series-170\/\"><span>Olympos Series (170)<\/span><i class=\"bi-chevron-down pxl-nav-icon pxl-hide\"><\/i><\/a><\/li>\n<li id=\"menu-item-13320\" class=\"menu-item menu-item-type-post_type menu-item-object-service menu-item-13320\"><a href=\"https:\/\/www.winperax.com\/en\/product\/side-series-150\/\"><span>Side Series (150)<\/span><i class=\"bi-chevron-down pxl-nav-icon pxl-hide\"><\/i><\/a><\/li>\n<li id=\"menu-item-13310\" class=\"menu-item menu-item-type-post_type menu-item-object-service menu-item-13310\"><a href=\"https:\/\/www.winperax.com\/en\/product\/efes-series-120\/\"><span>Efes Series (120)<\/span><i class=\"bi-chevron-down pxl-nav-icon pxl-hide\"><\/i><\/a><\/li>\n<li id=\"menu-item-13326\" class=\"menu-item menu-item-type-post_type menu-item-object-service menu-item-13326\"><a href=\"https:\/\/www.winperax.com\/en\/product\/wintent\/\"><span>Wintent<\/span><i class=\"bi-chevron-down pxl-nav-icon pxl-hide\"><\/i><\/a><\/li>\n<li id=\"menu-item-13308\" class=\"menu-item menu-item-type-post_type menu-item-object-service menu-item-13308\"><a href=\"https:\/\/www.winperax.com\/en\/product\/ceiling-curtain\/\"><span>Ceiling Curtain<\/span><i class=\"bi-chevron-down pxl-nav-icon pxl-hide\"><\/i><\/a><\/li>\n<li id=\"menu-item-13313\" class=\"menu-item menu-item-type-post_type menu-item-object-service menu-item-13313\"><a href=\"https:\/\/www.winperax.com\/en\/product\/guillotine\/\"><span>Guillotine<\/span><i class=\"bi-chevron-down pxl-nav-icon pxl-hide\"><\/i><\/a><\/li>\n<li id=\"menu-item-13302\" class=\"menu-item menu-item-type-post_type menu-item-object-service menu-item-13302\"><a href=\"https:\/\/www.winperax.com\/en\/product\/apollo-series\/\"><span>Apollo Series<\/span><i class=\"bi-chevron-down pxl-nav-icon pxl-hide\"><\/i><\/a><\/li>\n<li id=\"menu-item-13303\" class=\"menu-item menu-item-type-post_type menu-item-object-service menu-item-13303\"><a href=\"https:\/\/www.winperax.com\/en\/product\/apollon-plus-series\/\"><span>Apollon Plus Series<\/span><i class=\"bi-chevron-down pxl-nav-icon pxl-hide\"><\/i><\/a><\/li>\n<li id=\"menu-item-13309\" class=\"menu-item menu-item-type-post_type menu-item-object-service menu-item-13309\"><a href=\"https:\/\/www.winperax.com\/en\/product\/cotill-series\/\"><span>Cotill Series<\/span><i class=\"bi-chevron-down pxl-nav-icon pxl-hide\"><\/i><\/a><\/li>\n<li id=\"menu-item-13314\" class=\"menu-item menu-item-type-post_type menu-item-object-service menu-item-13314\"><a href=\"https:\/\/www.winperax.com\/en\/product\/sliding-glass-systems\/\"><span>Sliding Glass Systems<\/span><i class=\"bi-chevron-down pxl-nav-icon pxl-hide\"><\/i><\/a><\/li>\n<li id=\"menu-item-13321\" class=\"menu-item menu-item-type-post_type menu-item-object-service menu-item-13321\"><a href=\"https:\/\/www.winperax.com\/en\/product\/termessos\/\"><span>Termessos<\/span><i class=\"bi-chevron-down pxl-nav-icon pxl-hide\"><\/i><\/a><\/li>\n<li id=\"menu-item-13322\" class=\"menu-item menu-item-type-post_type menu-item-object-service menu-item-13322\"><a href=\"https:\/\/www.winperax.com\/en\/product\/termessos-plus\/\"><span>Termessos Plus<\/span><i class=\"bi-chevron-down pxl-nav-icon pxl-hide\"><\/i><\/a><\/li>\n<li id=\"menu-item-13301\" class=\"menu-item menu-item-type-post_type menu-item-object-service menu-item-13301\"><a href=\"https:\/\/www.winperax.com\/en\/product\/adorado\/\"><span>Adorado<\/span><i class=\"bi-chevron-down pxl-nav-icon pxl-hide\"><\/i><\/a><\/li>\n<li id=\"menu-item-13325\" class=\"menu-item menu-item-type-post_type menu-item-object-service menu-item-13325\"><a href=\"https:\/\/www.winperax.com\/en\/product\/wind-breaker\/\"><span>Wind Breaker<\/span><i class=\"bi-chevron-down pxl-nav-icon pxl-hide\"><\/i><\/a><\/li>\n<li id=\"menu-item-13312\" class=\"menu-item menu-item-type-post_type menu-item-object-service menu-item-13312\"><a href=\"https:\/\/www.winperax.com\/en\/product\/glass-balcony\/\"><span>Glass Balcony<\/span><i class=\"bi-chevron-down pxl-nav-icon pxl-hide\"><\/i><\/a><\/li>\n<li id=\"menu-item-13323\" class=\"menu-item menu-item-type-post_type menu-item-object-service menu-item-13323\"><a href=\"https:\/\/www.winperax.com\/en\/product\/ultra-insulated-glass-venetian-blind-system\/\"><span>Ultra Insulated Glass &amp; Venetian Blind System<\/span><i class=\"bi-chevron-down pxl-nav-icon pxl-hide\"><\/i><\/a><\/li>\n<li id=\"menu-item-13311\" class=\"menu-item menu-item-type-post_type menu-item-object-service menu-item-13311\"><a href=\"https:\/\/www.winperax.com\/en\/product\/express-system\/\"><span>Express System<\/span><i class=\"bi-chevron-down pxl-nav-icon pxl-hide\"><\/i><\/a><\/li>\n<li id=\"menu-item-13319\" class=\"menu-item menu-item-type-post_type menu-item-object-service menu-item-13319\"><a href=\"https:\/\/www.winperax.com\/en\/product\/premium-hanging-showcase-system\/\"><span>Premium Hanging Showcase System<\/span><i class=\"bi-chevron-down pxl-nav-icon pxl-hide\"><\/i><\/a><\/li>\n<li id=\"menu-item-13324\" class=\"menu-item menu-item-type-post_type menu-item-object-service menu-item-13324\"><a href=\"https:\/\/www.winperax.com\/en\/product\/w60\/\"><span>W60<\/span><i class=\"bi-chevron-down pxl-nav-icon pxl-hide\"><\/i><\/a><\/li>\n<li id=\"menu-item-14336\" class=\"menu-item menu-item-type-post_type menu-item-object-service menu-item-14336\"><a href=\"https:\/\/www.winperax.com\/en\/product\/zip-curtain\/\"><span>Zip Curtain<\/span><i class=\"bi-chevron-down pxl-nav-icon pxl-hide\"><\/i><\/a><\/li>\n<\/ul><\/div>    <\/div>\n\t\t\t\t<\/div>\n\t\t\t\t<\/div>\n\t\t            <\/div>\n        <\/div>\n                <div class=\"elementor-column elementor-col-50 elementor-top-column elementor-element elementor-element-5d46821 pxl-column-none\" data-id=\"5d46821\" data-element_type=\"column\">\n        <div class=\"elementor-widget-wrap elementor-element-populated\">\n                     \n        \t\t<div class=\"elementor-element elementor-element-5ca309b elementor-widget elementor-widget-pxl_heading\" data-id=\"5ca309b\" data-element_type=\"widget\" data-widget_type=\"pxl_heading.default\">\n\t\t\t\t<div class=\"elementor-widget-container\">\n\t\t\t\t\t<div class=\"pxl-heading  \">\n\t<div class=\"pxl-heading--inner \">\n\t\t\t\t<h6 class=\"pxl-item--title style1 divider-none  wow fadeIn \" data-wow-delay=\"ms\" data-wow-duration=\"1.2s\">\n\t\t\tBioclimatic\t\t\t\t\t\t\t<span class=\"title-line\"><\/span>\n\t\t\t\t\t<\/h6>\n\t<\/div>\n<\/div>\n\t\t\t\t<\/div>\n\t\t\t\t<\/div>\n\t\t\t\t<div class=\"elementor-element elementor-element-8cec7d1 elementor-widget elementor-widget-pxl_slider_carousel\" data-id=\"8cec7d1\" data-element_type=\"widget\" data-widget_type=\"pxl_slider_carousel.default\">\n\t\t\t\t<div class=\"elementor-widget-container\">\n\t\t\t\t\t    <div class=\"pxl-swiper-sliders pxl-slider-carousel pxl-slider-carousel1 pxl-parent-transition pxl-swiper-arrow-show pxl-parent-cursor pxl-drag-area style1 \" data-view-auto=\"1\">\n        <div class=\"pxl-carousel-inner\">\n            <div class=\"pxl-swiper-container\" dir=\"ltr\" data-settings=\"{&quot;slide_direction&quot;:&quot;horizontal&quot;,&quot;slide_percolumn&quot;:&quot;1&quot;,&quot;slide_mode&quot;:&quot;slide&quot;,&quot;slides_to_show&quot;:&quot;1&quot;,&quot;slides_to_show_xxl&quot;:&quot;1&quot;,&quot;slides_to_show_lg&quot;:&quot;1&quot;,&quot;slides_to_show_md&quot;:&quot;1&quot;,&quot;slides_to_show_sm&quot;:&quot;1&quot;,&quot;slides_to_show_xs&quot;:&quot;1&quot;,&quot;slides_to_scroll&quot;:&quot;1&quot;,&quot;arrow&quot;:&quot;false&quot;,&quot;pagination&quot;:&quot;false&quot;,&quot;pagination_type&quot;:&quot;bullets&quot;,&quot;autoplay&quot;:&quot;&quot;,&quot;pause_on_hover&quot;:&quot;&quot;,&quot;pause_on_interaction&quot;:&quot;true&quot;,&quot;delay&quot;:5000,&quot;loop&quot;:&quot;false&quot;,&quot;center&quot;:&quot;false&quot;,&quot;speed&quot;:1600}\">\n                <div class=\"pxl-swiper-wrapper\">\n                    \t\t\t\t\t<a href=\"https:\/\/www.winperax.com\/urunler\/aspendos-plus\/\">\n                        <div class=\"pxl-swiper-slide\">\n                            <div class=\"pxl-item--inner  \" data-wow-delay=\"ms\" data-wow-duration=\"1.2s\">\n                                <div class=\"pxl-item--image\">\n                                                                           <div class=\"item--image img-light\" style=\"background-image: url(https:\/\/www.winperax.com\/wp-content\/uploads\/2023\/06\/aspendos-plus.jpg);\" data-scale=\"none\"><\/div>\n                                                                                                               <div class=\"item--image img-dark\" style=\"background-image: url(https:\/\/www.winperax.com\/wp-content\/uploads\/2023\/06\/aspendos-plus.jpg);\" data-scale=\"none\"><\/div>\n                                                                    <\/div>\n                                <div class=\"pxl-item--content\">\n                                    <div class=\"content--inner\">\n                                                                                    <div class=\"pxl-item--subtitle pxl-transtion\">winperax<\/div>\n                                                                                                                            <h4 class=\"pxl-item--title el-empty pxl-transtion\">Aspendos Plus<\/h4>\n                                                                                                                            <div class=\"pxl-item--button pxl-transtion\">\n                                                <a class=\"item--button pxl-btn-line\" href=\"https:\/\/www.winperax.com\/urunler\/aspendos-plus\/\">\n                                                    <span class=\"btn-text\">\n                                                        \u00dcr\u00fcn\u00fc \u0130ncele                                                    <\/span>\n                                                    <span class=\"btn-icon\">\n                                                        <span class=\"line\"><\/span>\n                                                        <span class=\"circle\"><\/span>\n                                                        <span class=\"dot\"><\/span>\n                                                    <\/span>\n                                                <\/a>\n                                            <\/div>\n                                                                            <\/div>\n                                <\/div>\n                           <\/div>\n                        <\/div>\n\t\t\t\t\t<\/a>\n                                    <\/div>\n            <\/div>\n                                <\/div>\n    <\/div>\n\t\t\t\t<\/div>\n\t\t\t\t<\/div>\n\t\t\t\t<div class=\"elementor-element elementor-element-032687a elementor-widget elementor-widget-pxl_slider_carousel\" data-id=\"032687a\" data-element_type=\"widget\" data-widget_type=\"pxl_slider_carousel.default\">\n\t\t\t\t<div class=\"elementor-widget-container\">\n\t\t\t\t\t    <div class=\"pxl-swiper-sliders pxl-slider-carousel pxl-slider-carousel1 pxl-parent-transition pxl-swiper-arrow-show pxl-parent-cursor pxl-drag-area style1 \" data-view-auto=\"1\">\n        <div class=\"pxl-carousel-inner\">\n            <div class=\"pxl-swiper-container\" dir=\"ltr\" data-settings=\"{&quot;slide_direction&quot;:&quot;horizontal&quot;,&quot;slide_percolumn&quot;:&quot;1&quot;,&quot;slide_mode&quot;:&quot;slide&quot;,&quot;slides_to_show&quot;:&quot;1&quot;,&quot;slides_to_show_xxl&quot;:&quot;1&quot;,&quot;slides_to_show_lg&quot;:&quot;1&quot;,&quot;slides_to_show_md&quot;:&quot;1&quot;,&quot;slides_to_show_sm&quot;:&quot;1&quot;,&quot;slides_to_show_xs&quot;:&quot;1&quot;,&quot;slides_to_scroll&quot;:&quot;1&quot;,&quot;arrow&quot;:&quot;false&quot;,&quot;pagination&quot;:&quot;false&quot;,&quot;pagination_type&quot;:&quot;bullets&quot;,&quot;autoplay&quot;:&quot;&quot;,&quot;pause_on_hover&quot;:&quot;&quot;,&quot;pause_on_interaction&quot;:&quot;true&quot;,&quot;delay&quot;:5000,&quot;loop&quot;:&quot;false&quot;,&quot;center&quot;:&quot;false&quot;,&quot;speed&quot;:1600}\">\n                <div class=\"pxl-swiper-wrapper\">\n                    \t\t\t\t\t<a href=\"https:\/\/www.winperax.com\/urunler\/aspendos-glass\/\">\n                        <div class=\"pxl-swiper-slide\">\n                            <div class=\"pxl-item--inner  \" data-wow-delay=\"ms\" data-wow-duration=\"1.2s\">\n                                <div class=\"pxl-item--image\">\n                                                                           <div class=\"item--image img-light\" style=\"background-image: url(https:\/\/www.winperax.com\/wp-content\/uploads\/2023\/06\/aspendos-glass.jpg);\" data-scale=\"none\"><\/div>\n                                                                                                               <div class=\"item--image img-dark\" style=\"background-image: url(https:\/\/www.winperax.com\/wp-content\/uploads\/2023\/06\/aspendos-glass.jpg);\" data-scale=\"none\"><\/div>\n                                                                    <\/div>\n                                <div class=\"pxl-item--content\">\n                                    <div class=\"content--inner\">\n                                                                                    <div class=\"pxl-item--subtitle pxl-transtion\">winperax<\/div>\n                                                                                                                            <h4 class=\"pxl-item--title el-empty pxl-transtion\">Aspendos Glass<\/h4>\n                                                                                                                            <div class=\"pxl-item--button pxl-transtion\">\n                                                <a class=\"item--button pxl-btn-line\" href=\"https:\/\/www.winperax.com\/urunler\/aspendos-glass\/\">\n                                                    <span class=\"btn-text\">\n                                                        \u00dcr\u00fcn\u00fc \u0130ncele                                                    <\/span>\n                                                    <span class=\"btn-icon\">\n                                                        <span class=\"line\"><\/span>\n                                                        <span class=\"circle\"><\/span>\n                                                        <span class=\"dot\"><\/span>\n                                                    <\/span>\n                                                <\/a>\n                                            <\/div>\n                                                                            <\/div>\n                                <\/div>\n                           <\/div>\n                        <\/div>\n\t\t\t\t\t<\/a>\n                                    <\/div>\n            <\/div>\n                                <\/div>\n    <\/div>\n\t\t\t\t<\/div>\n\t\t\t\t<\/div>\n\t\t\t\t<div class=\"elementor-element elementor-element-dd4e56a elementor-widget elementor-widget-pxl_heading\" data-id=\"dd4e56a\" data-element_type=\"widget\" data-widget_type=\"pxl_heading.default\">\n\t\t\t\t<div class=\"elementor-widget-container\">\n\t\t\t\t\t<div class=\"pxl-heading  \">\n\t<div class=\"pxl-heading--inner \">\n\t\t\t\t<h6 class=\"pxl-item--title style1 divider-none  wow fadeIn \" data-wow-delay=\"ms\" data-wow-duration=\"1.2s\">\n\t\t\tReferanslar\u0131m\u0131z\t\t\t\t\t\t\t<span class=\"title-line\"><\/span>\n\t\t\t\t\t<\/h6>\n\t<\/div>\n<\/div>\n\t\t\t\t<\/div>\n\t\t\t\t<\/div>\n\t\t\t\t<div class=\"elementor-element elementor-element-d480441 elementor-widget elementor-widget-pxl_text_editor\" data-id=\"d480441\" data-element_type=\"widget\" data-widget_type=\"pxl_text_editor.default\">\n\t\t\t\t<div class=\"elementor-widget-container\">\n\t\t\t\t\t<div class=\"pxl-text-editor \" data-wow-delay=\"ms\" data-wow-duration=\"1.2s\">\n\t<div class=\"pxl-item--inner    \">\n\t\t<p>Paloma Hotel Orenda &#8211; Side<br \/>Seashell Hotel &#8211; Manavgat<br \/>Melas Hotels &#8211; Side<br \/>Maril Resort Hotel &#8211; Didim<br \/>Royal Seginus Hotel &#8211; Kunda<br \/>Kemal Ta\u015f Villa Projesi &#8211; Lara<br \/>Adalya Hotels Ramazan Kara Villa Projesi &#8211; Manavgat<br \/>Trendy Hotels Ali R\u0131za T\u00fcmb\u00fcl Villa Projesi &#8211; Lara<\/p>\t<\/div>\n<\/div>\n\t\t\t\t<\/div>\n\t\t\t\t<\/div>\n\t\t            <\/div>\n        <\/div>\n        \t\t\t<\/div>\n\t\t<\/section>\n\t\t\t\t<\/div>\n\t\t","protected":false},"excerpt":{"rendered":"<p>Bioclimatic Cam Tavan Likya Serisi Sabit Cam Tavan Sistemi Pergola Sistemleri Tavan Perdesi Giyotin Is\u0131caml\u0131 S\u00fcrme R\u00fczgar K\u0131r\u0131c\u0131 Cam Balkon W60 Zip Perde Bioclimatic winperax Aspendos Plus \u00dcr\u00fcn\u00fc \u0130ncele winperax Aspendos Glass \u00dcr\u00fcn\u00fc \u0130ncele Referanslar\u0131m\u0131z Paloma Hotel Orenda \u2013 Side Seashell Hotel \u2013 Manavgat Melas Hotels \u2013 Side Maril Resort Hotel \u2013 Didim Royal Seginus [&hellip;]<\/p>\n","protected":false},"author":1,"featured_media":0,"parent":0,"menu_order":0,"comment_status":"closed","ping_status":"closed","template":"elementor_header_footer","meta":{"_joinchat":[],"footnotes":""},"class_list":["post-12395","page","type-page","status-publish","hentry"],"jetpack_sharing_enabled":true,"_links":{"self":[{"href":"https:\/\/www.winperax.com\/en\/wp-json\/wp\/v2\/pages\/12395","targetHints":{"allow":["GET"]}}],"collection":[{"href":"https:\/\/www.winperax.com\/en\/wp-json\/wp\/v2\/pages"}],"about":[{"href":"https:\/\/www.winperax.com\/en\/wp-json\/wp\/v2\/types\/page"}],"author":[{"embeddable":true,"href":"https:\/\/www.winperax.com\/en\/wp-json\/wp\/v2\/users\/1"}],"replies":[{"embeddable":true,"href":"https:\/\/www.winperax.com\/en\/wp-json\/wp\/v2\/comments?post=12395"}],"version-history":[{"count":2,"href":"https:\/\/www.winperax.com\/en\/wp-json\/wp\/v2\/pages\/12395\/revisions"}],"predecessor-version":[{"id":13485,"href":"https:\/\/www.winperax.com\/en\/wp-json\/wp\/v2\/pages\/12395\/revisions\/13485"}],"wp:attachment":[{"href":"https:\/\/www.winperax.com\/en\/wp-json\/wp\/v2\/media?parent=12395"}],"curies":[{"name":"wp","href":"https:\/\/api.w.org\/{rel}","templated":true}]}}